{"id":18717,"date":"2020-06-24T00:13:13","date_gmt":"2020-06-23T22:13:13","guid":{"rendered":"https:\/\/dev.ferienwohnungen-graef.de\/?page_id=18717"},"modified":"2020-07-06T15:53:09","modified_gmt":"2020-07-06T13:53:09","slug":"contact","status":"publish","type":"page","link":"https:\/\/www.ferienwohnungen-graef.de\/nl\/contact\/","title":{"rendered":"Contact"},"content":{"rendered":"<div class=\"wpb-content-wrapper\"><p>[vc_row css=&#8221;.vc_custom_1547714265016{padding-top: 100px !important;padding-right: 4% !important;padding-bottom: 120px !important;padding-left: 4% !important;}&#8221;][vc_column width=&#8221;1\/2&#8243; css=&#8221;.vc_custom_1548651853147{padding-right: 7% !important;}&#8221; el_class=&#8221;rs_col-sm-12&#8243;]<div class='dt-sc-title with-image with-sub-title '><h3><\/h3><h2>Contact us!<\/h2><p><img loading=\"lazy\" decoding=\"async\" width=\"30\" height=\"32\" src=\"https:\/\/www.ferienwohnungen-graef.de\/wp-content\/uploads\/2019\/01\/title-icon-img.png\" class=\"attachment-full\" alt=\"\" title=\"title-icon-img\" \/><\/p><\/div>[vc_custom_heading text=&#8221;Voor individuele inlichtingen en boekingsaanvragen staan wij graag ter beschikking.<br \/>\nWij verheugen ons op uw telefoontje of e-mail.&#8221; font_container=&#8221;tag:h3|text_align:left|line_height:44px&#8221; use_theme_fonts=&#8221;yes&#8221; css=&#8221;.vc_custom_1592950438756{margin-bottom: 30px !important;}&#8221;][vc_column_text]<\/p>\n<div class=\"desc noBorder\">\n<p><strong>Ferienwohnungen Ute Gr\u00e4f<\/strong><br \/>\nOberbachstra\u00dfe 69<br \/>\n56812 Cochem<br \/>\nDuitsland<\/p>\n<p>Telefoon: 02671\/60 32 04<br \/>\nMobieltje: 0049 151 2404 16 12<\/p>\n<p>E-Mail: <a title=\"info@ferienwohnungen-graef.de\" href=\"mailto:info@ferienwohnungen-graef.de\">info@ferienwohnungen-graef.de<\/a><br \/>\n<a title=\"www.ferienwohnungen-graef.de\" href=\"http:\/\/www.ferienwohnungen-graef.de\">www.ferienwohnungen-graef.de<\/a><\/p>\n<\/div>\n<p>[\/vc_column_text][vc_separator][vc_column_text]<\/p>\n<h3>Route Planner<\/h3>\n<p>[\/vc_column_text]\n<div class=\"wpcf7 no-js\" id=\"wpcf7-f18849-o1\" lang=\"nl-NL\" dir=\"ltr\" data-wpcf7-id=\"18849\">\n<div class=\"screen-reader-response\"><p role=\"status\" aria-live=\"polite\" aria-atomic=\"true\"><\/p> <ul><\/ul><\/div>\n<form action=\"\/nl\/wp-json\/wp\/v2\/pages\/18717#wpcf7-f18849-o1\" method=\"post\" class=\"wpcf7-form init route\" aria-label=\"Contactformulier\" novalidate=\"novalidate\" data-status=\"init\">\n<fieldset class=\"hidden-fields-container\"><input type=\"hidden\" name=\"_wpcf7\" value=\"18849\" \/><input type=\"hidden\" name=\"_wpcf7_version\" value=\"6.1.5\" \/><input type=\"hidden\" name=\"_wpcf7_locale\" value=\"nl_NL\" \/><input type=\"hidden\" name=\"_wpcf7_unit_tag\" value=\"wpcf7-f18849-o1\" \/><input type=\"hidden\" name=\"_wpcf7_container_post\" value=\"0\" \/><input type=\"hidden\" name=\"_wpcf7_posted_data_hash\" value=\"\" \/>\n<\/fieldset>\n<p><label> van<br \/>\n<span class=\"wpcf7-form-control-wrap\" data-name=\"from\"><input size=\"40\" maxlength=\"400\" class=\"wpcf7-form-control wpcf7-text wpcf7-validates-as-required\" aria-required=\"true\" aria-invalid=\"false\" value=\"\" type=\"text\" name=\"from\" \/><\/span> <\/label>\n<\/p>\n<p><label> na<br \/>\n<span class=\"wpcf7-form-control-wrap\" data-name=\"to\"><input size=\"40\" maxlength=\"400\" class=\"wpcf7-form-control wpcf7-text wpcf7-validates-as-required\" readonly=\"readonly\" aria-required=\"true\" aria-invalid=\"false\" value=\"nach Oberbachstra\u00dfe 69, 56812 Cochem\" type=\"text\" name=\"to\" \/><\/span> <\/label>\n<\/p>\n<p><input class=\"wpcf7-form-control wpcf7-submit has-spinner\" type=\"submit\" value=\"Toon route\" \/>\n<\/p><div class=\"wpcf7-response-output\" aria-hidden=\"true\"><\/div>\n<\/form>\n<\/div>\n[vc_empty_space][vc_separator]<a href='https:\/\/www.google.com\/maps?ll=50.144117,7.162998&#038;z=16&#038;t=m&#038;hl=de&#038;gl=US&#038;mapclient=embed&#038;cid=3673235957742025792' target='_blank' title='' class='dt-sc-button   xlarge     ' data-delay='0' > \u00bb Google Maps <\/a>[\/vc_column][vc_column width=&#8221;1\/2&#8243; el_class=&#8221;rs_col-sm-12&#8243;]<div id=\"1548651633664-6ae9a632-f687\" class=\"dt-sc-empty-space\"><\/div>\n<div class=\"wpcf7 no-js\" id=\"wpcf7-f18839-o2\" lang=\"nl-NL\" dir=\"ltr\" data-wpcf7-id=\"18839\">\n<div class=\"screen-reader-response\"><p role=\"status\" aria-live=\"polite\" aria-atomic=\"true\"><\/p> <ul><\/ul><\/div>\n<form action=\"\/nl\/wp-json\/wp\/v2\/pages\/18717#wpcf7-f18839-o2\" method=\"post\" class=\"wpcf7-form init\" aria-label=\"Contactformulier\" novalidate=\"novalidate\" data-status=\"init\">\n<fieldset class=\"hidden-fields-container\"><input type=\"hidden\" name=\"_wpcf7\" value=\"18839\" \/><input type=\"hidden\" name=\"_wpcf7_version\" value=\"6.1.5\" \/><input type=\"hidden\" name=\"_wpcf7_locale\" value=\"nl_NL\" \/><input type=\"hidden\" name=\"_wpcf7_unit_tag\" value=\"wpcf7-f18839-o2\" \/><input type=\"hidden\" name=\"_wpcf7_container_post\" value=\"0\" \/><input type=\"hidden\" name=\"_wpcf7_posted_data_hash\" value=\"\" \/>\n<\/fieldset>\n<p><span class=\"wpcf7-form-control-wrap\" data-name=\"YourName\"><input size=\"40\" maxlength=\"400\" class=\"wpcf7-form-control wpcf7-text wpcf7-validates-as-required\" aria-required=\"true\" aria-invalid=\"false\" placeholder=\"Naam*\" value=\"\" type=\"text\" name=\"YourName\" \/><\/span>\n<\/p>\n<div class=\"dt-sc-hr-top-20\">\n<\/div>\n<p><span class=\"wpcf7-form-control-wrap\" data-name=\"EmailAddress\"><input size=\"40\" maxlength=\"400\" class=\"wpcf7-form-control wpcf7-email wpcf7-validates-as-required wpcf7-text wpcf7-validates-as-email\" aria-required=\"true\" aria-invalid=\"false\" placeholder=\"E-mail*\" value=\"\" type=\"email\" name=\"EmailAddress\" \/><\/span>\n<\/p>\n<div class=\"dt-sc-hr-top-20\">\n<\/div>\n<p><span class=\"wpcf7-form-control-wrap\" data-name=\"AnyQuestion\"><input size=\"40\" maxlength=\"400\" class=\"wpcf7-form-control wpcf7-text\" aria-invalid=\"false\" placeholder=\"Onderwerpen\" value=\"\" type=\"text\" name=\"AnyQuestion\" \/><\/span>\n<\/p>\n<div class=\"dt-sc-hr-top-20\">\n<\/div>\n<p><span class=\"wpcf7-form-control-wrap\" data-name=\"your-message\"><textarea cols=\"40\" rows=\"10\" maxlength=\"2000\" class=\"wpcf7-form-control wpcf7-textarea\" aria-invalid=\"false\" placeholder=\"Uw bericht\" name=\"your-message\"><\/textarea><\/span>\n<\/p>\n<div class=\"dt-sc-hr-top-30\">\n<\/div>\n<p><span class=\"wpcf7-form-control-wrap\" data-name=\"acceptance-374\"><span class=\"wpcf7-form-control wpcf7-acceptance\"><span class=\"wpcf7-list-item\"><label><input type=\"checkbox\" name=\"acceptance-374\" value=\"1\" aria-invalid=\"false\" \/><span class=\"wpcf7-list-item-label\">Ik ben het ermee eens dat Ferienwohnungen Gr\u00e4f mijn gegevens verwerkt in overeenstemming met de huidige gegevensbeschermingsverklaring. <a href=\"https:\/\/www.ferienwohnungen-graef.de\/nl\/privacy-policy\/\" target=\"_blank\">Privacy Policy<\/a><\/span><\/label><\/span><\/span><\/span><br \/>\n<input class=\"wpcf7-form-control wpcf7-submit has-spinner\" type=\"submit\" value=\"Sturen\" \/>\n<\/p><div class=\"wpcf7-response-output\" aria-hidden=\"true\"><\/div>\n<\/form>\n<\/div>\n[\/vc_column][\/vc_row]<\/p>\n<\/div>","protected":false},"excerpt":{"rendered":"<p>[vc_row css=&#8221;.vc_custom_1547714265016{padding-top: 100px !important;padding-right: 4% !important;padding-bottom: 120px !important;padding-left: 4% !important;}&#8221;][vc_column width=&#8221;1\/2&#8243; css=&#8221;.vc_custom_1548651853147{padding-right: 7% !important;}&#8221; el_class=&#8221;rs_col-sm-12&#8243;][vc_custom_heading text=&#8221;Voor individuele inlichtingen en boekingsaanvragen staan wij graag ter beschikking. Wij verheugen ons op uw telefoontje of e-mail.&#8221; font_container=&#8221;tag:h3|text_align:left|line_height:44px&#8221; use_theme_fonts=&#8221;yes&#8221; css=&#8221;.vc_custom_1592950438756{margin-bottom: 30px !important;}&#8221;][vc_column_text] Ferienwohnungen Ute Gr\u00e4f Oberbachstra\u00dfe 69 56812 Cochem Duitsland Telefoon: 02671\/60 32 04 Mobieltje: 0049 151 2404 16 [&hellip;]<\/p>\n","protected":false},"author":1,"featured_media":0,"parent":0,"menu_order":0,"comment_status":"closed","ping_status":"closed","template":"","meta":{"footnotes":""},"class_list":["post-18717","page","type-page","status-publish","hentry"],"yoast_head":"<!-- This site is optimized with the Yoast SEO plugin v27.3 - https:\/\/yoast.com\/product\/yoast-seo-wordpress\/ -->\n<title>Contact - Ferienwohnungen Ute Gr\u00e4f<\/title>\n<meta name=\"description\" content=\"Ferienwohnungen Ute Gr\u00e4f - Oberbachstra\u00dfe 69 - 56812 Cochem - Duitsland\" \/>\n<meta name=\"robots\" content=\"index, follow, max-snippet:-1, max-image-preview:large, max-video-preview:-1\" \/>\n<link rel=\"canonical\" href=\"https:\/\/www.ferienwohnungen-graef.de\/nl\/contact\/\" \/>\n<meta property=\"og:locale\" content=\"nl_NL\" \/>\n<meta property=\"og:type\" content=\"article\" \/>\n<meta property=\"og:title\" content=\"Contact - Ferienwohnungen Ute Gr\u00e4f\" \/>\n<meta property=\"og:description\" content=\"Ferienwohnungen Ute Gr\u00e4f - Oberbachstra\u00dfe 69 - 56812 Cochem - Duitsland\" \/>\n<meta property=\"og:url\" content=\"https:\/\/www.ferienwohnungen-graef.de\/nl\/contact\/\" \/>\n<meta property=\"og:site_name\" content=\"Ferienwohnungen Ute Gr\u00e4f\" \/>\n<meta property=\"article:modified_time\" content=\"2020-07-06T13:53:09+00:00\" \/>\n<meta name=\"twitter:card\" content=\"summary_large_image\" \/>\n<meta name=\"twitter:label1\" content=\"Geschatte leestijd\" \/>\n\t<meta name=\"twitter:data1\" content=\"1 minuut\" \/>\n<script type=\"application\/ld+json\" class=\"yoast-schema-graph\">{\"@context\":\"https:\\\/\\\/schema.org\",\"@graph\":[{\"@type\":\"WebPage\",\"@id\":\"https:\\\/\\\/www.ferienwohnungen-graef.de\\\/nl\\\/contact\\\/\",\"url\":\"https:\\\/\\\/www.ferienwohnungen-graef.de\\\/nl\\\/contact\\\/\",\"name\":\"Contact - Ferienwohnungen Ute Gr\u00e4f\",\"isPartOf\":{\"@id\":\"https:\\\/\\\/www.ferienwohnungen-graef.de\\\/nl\\\/#website\"},\"datePublished\":\"2020-06-23T22:13:13+00:00\",\"dateModified\":\"2020-07-06T13:53:09+00:00\",\"description\":\"Ferienwohnungen Ute Gr\u00e4f - Oberbachstra\u00dfe 69 - 56812 Cochem - Duitsland\",\"breadcrumb\":{\"@id\":\"https:\\\/\\\/www.ferienwohnungen-graef.de\\\/nl\\\/contact\\\/#breadcrumb\"},\"inLanguage\":\"nl-NL\",\"potentialAction\":[{\"@type\":\"ReadAction\",\"target\":[\"https:\\\/\\\/www.ferienwohnungen-graef.de\\\/nl\\\/contact\\\/\"]}]},{\"@type\":\"BreadcrumbList\",\"@id\":\"https:\\\/\\\/www.ferienwohnungen-graef.de\\\/nl\\\/contact\\\/#breadcrumb\",\"itemListElement\":[{\"@type\":\"ListItem\",\"position\":1,\"name\":\"Startseite\",\"item\":\"https:\\\/\\\/www.ferienwohnungen-graef.de\\\/nl\\\/\"},{\"@type\":\"ListItem\",\"position\":2,\"name\":\"Contact\"}]},{\"@type\":\"WebSite\",\"@id\":\"https:\\\/\\\/www.ferienwohnungen-graef.de\\\/nl\\\/#website\",\"url\":\"https:\\\/\\\/www.ferienwohnungen-graef.de\\\/nl\\\/\",\"name\":\"Ferienwohnungen Ute Gr\u00e4f\",\"description\":\"Ferienwohnungen in Cochem an der Mosel\",\"inLanguage\":\"nl-NL\"}]}<\/script>\n<!-- \/ Yoast SEO plugin. -->","yoast_head_json":{"title":"Contact - Ferienwohnungen Ute Gr\u00e4f","description":"Ferienwohnungen Ute Gr\u00e4f - Oberbachstra\u00dfe 69 - 56812 Cochem - Duitsland","robots":{"index":"index","follow":"follow","max-snippet":"max-snippet:-1","max-image-preview":"max-image-preview:large","max-video-preview":"max-video-preview:-1"},"canonical":"https:\/\/www.ferienwohnungen-graef.de\/nl\/contact\/","og_locale":"nl_NL","og_type":"article","og_title":"Contact - Ferienwohnungen Ute Gr\u00e4f","og_description":"Ferienwohnungen Ute Gr\u00e4f - Oberbachstra\u00dfe 69 - 56812 Cochem - Duitsland","og_url":"https:\/\/www.ferienwohnungen-graef.de\/nl\/contact\/","og_site_name":"Ferienwohnungen Ute Gr\u00e4f","article_modified_time":"2020-07-06T13:53:09+00:00","twitter_card":"summary_large_image","twitter_misc":{"Geschatte leestijd":"1 minuut"},"schema":{"@context":"https:\/\/schema.org","@graph":[{"@type":"WebPage","@id":"https:\/\/www.ferienwohnungen-graef.de\/nl\/contact\/","url":"https:\/\/www.ferienwohnungen-graef.de\/nl\/contact\/","name":"Contact - Ferienwohnungen Ute Gr\u00e4f","isPartOf":{"@id":"https:\/\/www.ferienwohnungen-graef.de\/nl\/#website"},"datePublished":"2020-06-23T22:13:13+00:00","dateModified":"2020-07-06T13:53:09+00:00","description":"Ferienwohnungen Ute Gr\u00e4f - Oberbachstra\u00dfe 69 - 56812 Cochem - Duitsland","breadcrumb":{"@id":"https:\/\/www.ferienwohnungen-graef.de\/nl\/contact\/#breadcrumb"},"inLanguage":"nl-NL","potentialAction":[{"@type":"ReadAction","target":["https:\/\/www.ferienwohnungen-graef.de\/nl\/contact\/"]}]},{"@type":"BreadcrumbList","@id":"https:\/\/www.ferienwohnungen-graef.de\/nl\/contact\/#breadcrumb","itemListElement":[{"@type":"ListItem","position":1,"name":"Startseite","item":"https:\/\/www.ferienwohnungen-graef.de\/nl\/"},{"@type":"ListItem","position":2,"name":"Contact"}]},{"@type":"WebSite","@id":"https:\/\/www.ferienwohnungen-graef.de\/nl\/#website","url":"https:\/\/www.ferienwohnungen-graef.de\/nl\/","name":"Ferienwohnungen Ute Gr\u00e4f","description":"Ferienwohnungen in Cochem an der Mosel","inLanguage":"nl-NL"}]}},"_links":{"self":[{"href":"https:\/\/www.ferienwohnungen-graef.de\/nl\/wp-json\/wp\/v2\/pages\/18717","targetHints":{"allow":["GET"]}}],"collection":[{"href":"https:\/\/www.ferienwohnungen-graef.de\/nl\/wp-json\/wp\/v2\/pages"}],"about":[{"href":"https:\/\/www.ferienwohnungen-graef.de\/nl\/wp-json\/wp\/v2\/types\/page"}],"author":[{"embeddable":true,"href":"https:\/\/www.ferienwohnungen-graef.de\/nl\/wp-json\/wp\/v2\/users\/1"}],"replies":[{"embeddable":true,"href":"https:\/\/www.ferienwohnungen-graef.de\/nl\/wp-json\/wp\/v2\/comments?post=18717"}],"version-history":[{"count":4,"href":"https:\/\/www.ferienwohnungen-graef.de\/nl\/wp-json\/wp\/v2\/pages\/18717\/revisions"}],"predecessor-version":[{"id":18855,"href":"https:\/\/www.ferienwohnungen-graef.de\/nl\/wp-json\/wp\/v2\/pages\/18717\/revisions\/18855"}],"wp:attachment":[{"href":"https:\/\/www.ferienwohnungen-graef.de\/nl\/wp-json\/wp\/v2\/media?parent=18717"}],"curies":[{"name":"wp","href":"https:\/\/api.w.org\/{rel}","templated":true}]}}